{"id":923,"date":"2020-12-15T22:31:26","date_gmt":"2020-12-15T23:31:26","guid":{"rendered":"https:\/\/casadoportinho.com\/?page_id=923"},"modified":"2020-12-29T14:11:50","modified_gmt":"2020-12-29T15:11:50","slug":"about-us","status":"publish","type":"page","link":"https:\/\/casadoportinho.com\/en\/about-us\/","title":{"rendered":"Who We Are"},"content":{"rendered":"<div class=\"wpb-content-wrapper\">[vc_row section_id=&#8221;sec2&#8243; section_padding=&#8221;big-padding&#8221; sec_animation_opt=&#8221;st2&#8243; css=&#8221;.vc_custom_1609254619662{margin-bottom: 80px !important;}&#8221;][vc_column width=&#8221;1\/2&#8243;][wr_vc_title big_title=&#8221;We Are &#8220;Casa Do Portinho&#8220;&#8221; sub_title=&#8221;More than a brand&#8221;][wr_vc_textblock button_text=&#8221;Discover&#8221; button_url=&#8221;https:\/\/casadoportinho.com\/en\/about-us\/identity\/&#8221;]Sediada na Ilha Terceira, a Casa do Portinho \u00e9 a primeira marca que produz pescado defumado de forma artesanal nos A\u00e7ores. Somos uma Unidade Produtiva Artesanal certificada pelo Governo Regional dos A\u00e7ores.<\/p>\n<p>Com a consci\u00eancia de que os nossos recursos s\u00e3o finitos, a nossa produ\u00e7\u00e3o visa contribuir para a diverg\u00eancia do esfor\u00e7o de pesca e consequente sustentabilidade do setor na Regi\u00e3o e dos seus ecossistemas marinhos.<\/p>\n<p>Sob o lema \u201ca inovar a tradi\u00e7\u00e3o\u201d visamos uma produ\u00e7\u00e3o diferenciada e sustent\u00e1vel, aliando pr\u00e1ticas artesanais \u00e0 inova\u00e7\u00e3o. Para tal, idealiz\u00e1mos metodologias de produ\u00e7\u00e3o inovadoras, adaptadas \u00e0 nossa realidade, e sob constante vigil\u00e2ncia, afim de garantir a qualidade alimentar.<\/p>\n<p>Esperamos que os nossos produtos possam oferecer um pouco do rico imagin\u00e1rio cultural \u00e0 sua mesa.<\/p>\n[\/wr_vc_textblock][\/vc_column][vc_column width=&#8221;1\/2&#8243;]<div class=\"image-collge-wrap fl-wrap\"><div class=\"single-slider-wrap\"><div class=\"single-slider fl-wrap\"><div class=\"swiper-container\"><div class=\"swiper-wrapper lightgallery\"><div class=\"swiper-slide hov_zoom\"><img decoding=\"async\" src=\"https:\/\/casadoportinho.com\/wp-content\/uploads\/2020\/08\/03-1.jpg\" alt=\"Veja Fumada com Pimenta da Terra e lim\u00e3o\"><a href=\"https:\/\/casadoportinho.com\/wp-content\/uploads\/2020\/08\/03-1.jpg\" class=\"box-media-zoom   popup-image\"><i class=\"fal fa-search\"><\/i><\/a><\/div><div class=\"swiper-slide hov_zoom\"><img decoding=\"async\" src=\"https:\/\/casadoportinho.com\/wp-content\/uploads\/2020\/08\/02-1.jpg\" alt=\"Cavala com Pimenta da Terra\"><a href=\"https:\/\/casadoportinho.com\/wp-content\/uploads\/2020\/08\/02-1.jpg\" class=\"box-media-zoom   popup-image\"><i class=\"fal fa-search\"><\/i><\/a><\/div><div class=\"swiper-slide hov_zoom\"><img decoding=\"async\" src=\"https:\/\/casadoportinho.com\/wp-content\/uploads\/2020\/08\/01-1.jpg\" alt=\"Atum Patudo Fumado com Ervas Arom\u00e1ticas\"><a href=\"https:\/\/casadoportinho.com\/wp-content\/uploads\/2020\/08\/01-1.jpg\" class=\"box-media-zoom   popup-image\"><i class=\"fal fa-search\"><\/i><\/a><\/div><\/div><div class=\"ss-slider-pagination\"><\/div>\n                  <div class=\"ss-slider-cont ss-slider-cont-prev\"><i class=\"fas fa-caret-left\"><\/i><\/div>\n                  <div class=\"ss-slider-cont ss-slider-cont-next\"><i class=\"fas fa-caret-right\"><\/i><\/div><\/div><\/div><\/div><div class=\"images-collage-item col_par\" style=\"width:120px\" data-position-left=\"-23\" data-position-top=\"-17\" data-zindex=\"9\" data-scrollax=\"properties: { translateY: '150px' }\"><img decoding=\"async\" src=\"https:\/\/casadoportinho.com\/wp-content\/themes\/restabook\/includes\/images\/cube.png\" alt=\"\"><\/div><\/div>[\/vc_column][\/vc_row][vc_row section_padding=&#8221;no-padding&#8221;][vc_column][vc_tta_accordion][vc_tta_section title=&#8221;Mission&#8221; tab_id=&#8221;1603402101680-e13ed699-4844&#8243;][vc_column_text]\n<p style=\"text-align: left;\">A Casa do Portinho dedica-se \u00e0 fabrica\u00e7\u00e3o artesanal de peixe fumado e conservas genu\u00ednas e inovadoras de v\u00e1rios produtos da pesca, cuja mat\u00e9ria prima \u00e9 capturada nos A\u00e7ores de forma sustent\u00e1vel. Assumindo o compromisso de apenas utilizar esp\u00e9cies cujos stocks se encontram em bom estado de conserva\u00e7\u00e3o, pretendemos valorizar e manter vivas as tradi\u00e7\u00f5es da nossa pesca regional atrav\u00e9s da elabora\u00e7\u00e3o de produtos com \u201calma A\u00e7oriana\u201d que proporcionem aos nossos clientes experi\u00eancias gastron\u00f3micas singulares.<\/p>\n[\/vc_column_text][\/vc_tta_section][vc_tta_section title=&#8221;Vision&#8221; tab_id=&#8221;1603402101708-4623ff22-452e&#8221;][vc_column_text]\n<p style=\"text-align: left;\">Sermos uma empresa inovadora no setor transformador, com dimens\u00f5es ajustadas para uma produ\u00e7\u00e3o sustent\u00e1vel \u00e0 escala regional e que contribua de forma ativa para a valoriza\u00e7\u00e3o das mat\u00e9rias primas A\u00e7orianas provenientes das melhores pr\u00e1ticas de pesca. Atrav\u00e9s dos nossos produtos, pretendemos proporcionar aos nossos clientes uma experi\u00eancia gastron\u00f3mica \u00fanica e cultivar o respeito pelo mar e os seus recursos.<\/p>\n[\/vc_column_text][\/vc_tta_section][vc_tta_section title=&#8221;Values&#8221; tab_id=&#8221;1603402161220-f07c52b4-ae74&#8243;][vc_column_text]\n<p style=\"text-align: left;\">Como empresa A\u00e7oriana no setor industrial alimentar, assumimos o compromisso de contribuir ativamente para constru\u00e7\u00e3o de um futuro sustent\u00e1vel, que valorize a nossa heran\u00e7a cultural. Por este motivo, a nossa atividade est\u00e1 baseada em pilares fundamentais. S\u00e3o eles que guiam e dinamizam as nossas a\u00e7\u00f5es enquanto empresa, sendo, em simult\u00e2neo, fatores de coes\u00e3o interna, de diferencia\u00e7\u00e3o, de defesa da nossa comunidade e de proje\u00e7\u00e3o externa da nossa empresa e Marca:<\/p>\n<p style=\"text-align: left;\"><strong>&#8211; Visamos valorizar o patrim\u00f3nio gastron\u00f3mico e cultural dos A\u00e7ores.<\/strong><\/p>\n<p style=\"text-align: left;\"><strong>&#8211; Visamos valorizar as mat\u00e9rias primas com origem nos A\u00e7ores.<\/strong><\/p>\n<p style=\"text-align: left;\"><strong>&#8211; Atuamos com respeito pela Natureza criando um neg\u00f3cio que opere de forma ambientalmente sustent\u00e1vel.<\/strong><\/p>\n<p style=\"text-align: left;\"><strong>&#8211; Pretendemos valorizar a pesca artesanal e de qualidade nos A\u00e7ores.<\/strong><\/p>\n<p style=\"text-align: left;\"><strong>&#8211; Praticamos e exigimos qualidade e seguran\u00e7a nos servi\u00e7os e produtos.<\/strong><\/p>\n<p style=\"text-align: left;\"><strong>&#8211; Visamos um lugar no mercado pela diferencia\u00e7\u00e3o e qualidade das nossas propostas de valor.<\/strong><\/p>\n[\/vc_column_text][\/vc_tta_section][\/vc_tta_accordion][\/vc_column][\/vc_row][vc_row section_id=&#8221;separadorQuemSomos&#8221; sec_animation_opt=&#8221;st4&#8243;][vc_column width=&#8221;1\/3&#8243;]<div class=\"image-collge-wrap fl-wrap\"><div class=\"main-iamge\">\n                  <img decoding=\"async\" src=\"https:\/\/casadoportinho.com\/wp-content\/uploads\/2020\/10\/casa-do-portinho-origem.png\"   alt=\"casa-do-portinho-origem\">\n                  <\/div><div class=\"images-collage-item\" style=\"width:65%\" data-position-left=\"68\" data-position-top=\"-15\" data-zindex=\"2\" data-opacity=\"1.0\"><img decoding=\"async\" src=\"\" alt=\"\"><\/div><div class=\"images-collage-item col_par\" style=\"width:120px\" data-position-left=\"-23\" data-position-top=\"-17\" data-zindex=\"9\" data-scrollax=\"properties: { translateY: '150px' }\"><img decoding=\"async\" src=\"https:\/\/casadoportinho.com\/wp-content\/themes\/restabook\/includes\/images\/cube.png\" alt=\"\"><\/div><\/div>[wr_vc_title big_title=&#8221;The Origin&#8221;][wr_vc_textblock button_text=&#8221;Learn More&#8221; button_url=&#8221;https:\/\/casadoportinho.com\/en\/about-us\/the-origin&#8221;]E \u00e9 assim que nos identificamos, o mar est\u00e1 no nosso ADN e o que fazemos, fazemos por paix\u00e3o desde quem captura o nosso peixe aos que fazem chegar \u00e0 sua mesa. Inclu\u00edndo aqueles que garantem que o processo seja respeitado e seguro e os que planeiam, pensam, projectam e cozinham\u2026[\/wr_vc_textblock][\/vc_column][vc_column width=&#8221;1\/3&#8243;]<div class=\"image-collge-wrap fl-wrap\"><div class=\"main-iamge\">\n                  <img decoding=\"async\" src=\"https:\/\/casadoportinho.com\/wp-content\/uploads\/2020\/10\/atum-processo1.png\"   alt=\"Processo do Peixo Fumado\">\n                  <\/div><div class=\"images-collage-item\" style=\"width:65%\" data-position-left=\"68\" data-position-top=\"-15\" data-zindex=\"2\" data-opacity=\"1.0\"><img decoding=\"async\" src=\"\" alt=\"\"><\/div><div class=\"images-collage-item col_par\" style=\"width:120px\" data-position-left=\"-23\" data-position-top=\"-17\" data-zindex=\"9\" data-scrollax=\"properties: { translateY: '150px' }\"><img decoding=\"async\" src=\"https:\/\/casadoportinho.com\/wp-content\/themes\/restabook\/includes\/images\/cube.png\" alt=\"\"><\/div><\/div>[wr_vc_title big_title=&#8221;The Process&#8221;][wr_vc_textblock button_text=&#8221;Learn More&#8221; button_url=&#8221;https:\/\/casadoportinho.com\/en\/about-us\/the-production-process&#8221;]Na Casa do Portinho asseguramos que cada pe\u00e7a de peixe \u00e9 100% trabalhada na nossa unidade de produ\u00e7\u00e3o e prov\u00e9m de peixe capturado no mar dos A\u00e7ores.[\/wr_vc_textblock][\/vc_column][vc_column width=&#8221;1\/3&#8243;]<div class=\"image-collge-wrap fl-wrap\"><div class=\"main-iamge\">\n                  <img decoding=\"async\" src=\"https:\/\/casadoportinho.com\/wp-content\/uploads\/2020\/10\/casa-do-portinho-compromisso.png\"   alt=\"Atum dos A\u00e7ores\">\n                  <\/div><div class=\"images-collage-item\" style=\"width:65%\" data-position-left=\"68\" data-position-top=\"-15\" data-zindex=\"2\" data-opacity=\"1.0\"><img decoding=\"async\" src=\"\" alt=\"\"><\/div><div class=\"images-collage-item col_par\" style=\"width:120px\" data-position-left=\"-23\" data-position-top=\"-17\" data-zindex=\"9\" data-scrollax=\"properties: { translateY: '150px' }\"><img decoding=\"async\" src=\"https:\/\/casadoportinho.com\/wp-content\/themes\/restabook\/includes\/images\/cube.png\" alt=\"\"><\/div><\/div>[wr_vc_title big_title=&#8221;Vision and Values&#8221;][wr_vc_textblock button_text=&#8221;Learn More&#8221; button_url=&#8221;https:\/\/casadoportinho.com\/en\/about-us\/vision-and-values\/&#8221;]Somos firmes defensores da pesca sustent\u00e1vel, como forma de garantir a manuten\u00e7\u00e3o da diversidade e disponibilidade dos recursos pesqueiros e assegurando a sobreviv\u00eancia das esp\u00e9cies sem afetar o ecossistema.[\/wr_vc_textblock][\/vc_column][\/vc_row]\n<\/div>","protected":false},"excerpt":{"rendered":"<p>[vc_row section_id=&#8221;sec2&#8243; section_padding=&#8221;big-padding&#8221; sec_animation_opt=&#8221;st2&#8243; css=&#8221;.vc_custom_1609254619662{margin-bottom: 80px !important;}&#8221;][vc_column width=&#8221;1\/2&#8243;][wr_vc_title big_title=&#8221;We Are &#8220;Casa Do Portinho&#8220;&#8221; sub_title=&#8221;More than a brand&#8221;][wr_vc_textblock button_text=&#8221;Discover&#8221; button_url=&#8221;https:\/\/casadoportinho.com\/en\/about-us\/identity\/&#8221;]Sediada na Ilha Terceira, a Casa do Portinho \u00e9 a primeira marca que produz pescado defumado de forma artesanal nos A\u00e7ores. Somos uma Unidade Produtiva Artesanal certificada pelo Governo Regional dos A\u00e7ores. Com a consci\u00eancia de que..<\/p>\n","protected":false},"author":17,"featured_media":933,"parent":0,"menu_order":0,"comment_status":"closed","ping_status":"closed","template":"","meta":{"_acf_changed":false,"footnotes":""},"class_list":["post-923","page","type-page","status-publish","has-post-thumbnail","hentry"],"acf":[],"yoast_head":"<!-- This site is optimized with the Yoast SEO plugin v27.5 - https:\/\/yoast.com\/product\/yoast-seo-wordpress\/ -->\n<title>Who We Are - Casa do Portinho<\/title>\n<meta name=\"robots\" content=\"index, follow, max-snippet:-1, max-image-preview:large, max-video-preview:-1\" \/>\n<link rel=\"canonical\" href=\"https:\/\/casadoportinho.com\/en\/about-us\/\" \/>\n<meta property=\"og:locale\" content=\"en_US\" \/>\n<meta property=\"og:type\" content=\"article\" \/>\n<meta property=\"og:title\" content=\"Who We Are - Casa do Portinho\" \/>\n<meta property=\"og:description\" content=\"[vc_row section_id=&#8221;sec2&#8243; section_padding=&#8221;big-padding&#8221; sec_animation_opt=&#8221;st2&#8243; css=&#8221;.vc_custom_1609254619662{margin-bottom: 80px !important;}&#8221;][vc_column width=&#8221;1\/2&#8243;][wr_vc_title big_title=&#8221;We Are &#8220;Casa Do Portinho&#8220;&#8221; sub_title=&#8221;More than a brand&#8221;][wr_vc_textblock button_text=&#8221;Discover&#8221; button_url=&#8221;https:\/\/casadoportinho.com\/en\/about-us\/identity\/&#8221;]Sediada na Ilha Terceira, a Casa do Portinho \u00e9 a primeira marca que produz pescado defumado de forma artesanal nos A\u00e7ores. Somos uma Unidade Produtiva Artesanal certificada pelo Governo Regional dos A\u00e7ores. Com a consci\u00eancia de que..\" \/>\n<meta property=\"og:url\" content=\"https:\/\/casadoportinho.com\/en\/about-us\/\" \/>\n<meta property=\"og:site_name\" content=\"Casa do Portinho\" \/>\n<meta property=\"article:modified_time\" content=\"2020-12-29T15:11:50+00:00\" \/>\n<meta property=\"og:image\" content=\"https:\/\/casadoportinho.com\/wp-content\/uploads\/2020\/08\/pesca.jpg\" \/>\n\t<meta property=\"og:image:width\" content=\"2000\" \/>\n\t<meta property=\"og:image:height\" content=\"869\" \/>\n\t<meta property=\"og:image:type\" content=\"image\/jpeg\" \/>\n<meta name=\"twitter:card\" content=\"summary_large_image\" \/>\n<meta name=\"twitter:label1\" content=\"Est. reading time\" \/>\n\t<meta name=\"twitter:data1\" content=\"4 minutes\" \/>\n<script type=\"application\/ld+json\" class=\"yoast-schema-graph\">{\"@context\":\"https:\\\/\\\/schema.org\",\"@graph\":[{\"@type\":\"WebPage\",\"@id\":\"https:\\\/\\\/casadoportinho.com\\\/en\\\/about-us\\\/\",\"url\":\"https:\\\/\\\/casadoportinho.com\\\/en\\\/about-us\\\/\",\"name\":\"Who We Are - Casa do Portinho\",\"isPartOf\":{\"@id\":\"https:\\\/\\\/casadoportinho.com\\\/#website\"},\"primaryImageOfPage\":{\"@id\":\"https:\\\/\\\/casadoportinho.com\\\/en\\\/about-us\\\/#primaryimage\"},\"image\":{\"@id\":\"https:\\\/\\\/casadoportinho.com\\\/en\\\/about-us\\\/#primaryimage\"},\"thumbnailUrl\":\"https:\\\/\\\/casadoportinho.com\\\/wp-content\\\/uploads\\\/2020\\\/08\\\/pesca.jpg\",\"datePublished\":\"2020-12-15T23:31:26+00:00\",\"dateModified\":\"2020-12-29T15:11:50+00:00\",\"breadcrumb\":{\"@id\":\"https:\\\/\\\/casadoportinho.com\\\/en\\\/about-us\\\/#breadcrumb\"},\"inLanguage\":\"en-US\",\"potentialAction\":[{\"@type\":\"ReadAction\",\"target\":[\"https:\\\/\\\/casadoportinho.com\\\/en\\\/about-us\\\/\"]}]},{\"@type\":\"ImageObject\",\"inLanguage\":\"en-US\",\"@id\":\"https:\\\/\\\/casadoportinho.com\\\/en\\\/about-us\\\/#primaryimage\",\"url\":\"https:\\\/\\\/casadoportinho.com\\\/wp-content\\\/uploads\\\/2020\\\/08\\\/pesca.jpg\",\"contentUrl\":\"https:\\\/\\\/casadoportinho.com\\\/wp-content\\\/uploads\\\/2020\\\/08\\\/pesca.jpg\",\"width\":2000,\"height\":869,\"caption\":\"Ilustra\u00e7\u00e3o de Pesca\"},{\"@type\":\"BreadcrumbList\",\"@id\":\"https:\\\/\\\/casadoportinho.com\\\/en\\\/about-us\\\/#breadcrumb\",\"itemListElement\":[{\"@type\":\"ListItem\",\"position\":1,\"name\":\"In\u00edcio\",\"item\":\"https:\\\/\\\/casadoportinho.com\\\/en\\\/\"},{\"@type\":\"ListItem\",\"position\":2,\"name\":\"Who We Are\"}]},{\"@type\":\"WebSite\",\"@id\":\"https:\\\/\\\/casadoportinho.com\\\/#website\",\"url\":\"https:\\\/\\\/casadoportinho.com\\\/\",\"name\":\"Casa do Portinho\",\"description\":\"Peixe Fumado dos A\u00e7ores\",\"publisher\":{\"@id\":\"https:\\\/\\\/casadoportinho.com\\\/#organization\"},\"potentialAction\":[{\"@type\":\"SearchAction\",\"target\":{\"@type\":\"EntryPoint\",\"urlTemplate\":\"https:\\\/\\\/casadoportinho.com\\\/?s={search_term_string}\"},\"query-input\":{\"@type\":\"PropertyValueSpecification\",\"valueRequired\":true,\"valueName\":\"search_term_string\"}}],\"inLanguage\":\"en-US\"},{\"@type\":\"Organization\",\"@id\":\"https:\\\/\\\/casadoportinho.com\\\/#organization\",\"name\":\"Casa do Portinho - Peixe Fumado dos A\u00e7ores\",\"url\":\"https:\\\/\\\/casadoportinho.com\\\/\",\"logo\":{\"@type\":\"ImageObject\",\"inLanguage\":\"en-US\",\"@id\":\"https:\\\/\\\/casadoportinho.com\\\/#\\\/schema\\\/logo\\\/image\\\/\",\"url\":\"https:\\\/\\\/casadoportinho.com\\\/wp-content\\\/uploads\\\/2021\\\/05\\\/106462334_106240267820658_3915239930361009115_n.jpg\",\"contentUrl\":\"https:\\\/\\\/casadoportinho.com\\\/wp-content\\\/uploads\\\/2021\\\/05\\\/106462334_106240267820658_3915239930361009115_n.jpg\",\"width\":1640,\"height\":624,\"caption\":\"Casa do Portinho - Peixe Fumado dos A\u00e7ores\"},\"image\":{\"@id\":\"https:\\\/\\\/casadoportinho.com\\\/#\\\/schema\\\/logo\\\/image\\\/\"}}]}<\/script>\n<!-- \/ Yoast SEO plugin. -->","yoast_head_json":{"title":"Who We Are - Casa do Portinho","robots":{"index":"index","follow":"follow","max-snippet":"max-snippet:-1","max-image-preview":"max-image-preview:large","max-video-preview":"max-video-preview:-1"},"canonical":"https:\/\/casadoportinho.com\/en\/about-us\/","og_locale":"en_US","og_type":"article","og_title":"Who We Are - Casa do Portinho","og_description":"[vc_row section_id=&#8221;sec2&#8243; section_padding=&#8221;big-padding&#8221; sec_animation_opt=&#8221;st2&#8243; css=&#8221;.vc_custom_1609254619662{margin-bottom: 80px !important;}&#8221;][vc_column width=&#8221;1\/2&#8243;][wr_vc_title big_title=&#8221;We Are &#8220;Casa Do Portinho&#8220;&#8221; sub_title=&#8221;More than a brand&#8221;][wr_vc_textblock button_text=&#8221;Discover&#8221; button_url=&#8221;https:\/\/casadoportinho.com\/en\/about-us\/identity\/&#8221;]Sediada na Ilha Terceira, a Casa do Portinho \u00e9 a primeira marca que produz pescado defumado de forma artesanal nos A\u00e7ores. Somos uma Unidade Produtiva Artesanal certificada pelo Governo Regional dos A\u00e7ores. Com a consci\u00eancia de que..","og_url":"https:\/\/casadoportinho.com\/en\/about-us\/","og_site_name":"Casa do Portinho","article_modified_time":"2020-12-29T15:11:50+00:00","og_image":[{"width":2000,"height":869,"url":"https:\/\/casadoportinho.com\/wp-content\/uploads\/2020\/08\/pesca.jpg","type":"image\/jpeg"}],"twitter_card":"summary_large_image","twitter_misc":{"Est. reading time":"4 minutes"},"schema":{"@context":"https:\/\/schema.org","@graph":[{"@type":"WebPage","@id":"https:\/\/casadoportinho.com\/en\/about-us\/","url":"https:\/\/casadoportinho.com\/en\/about-us\/","name":"Who We Are - Casa do Portinho","isPartOf":{"@id":"https:\/\/casadoportinho.com\/#website"},"primaryImageOfPage":{"@id":"https:\/\/casadoportinho.com\/en\/about-us\/#primaryimage"},"image":{"@id":"https:\/\/casadoportinho.com\/en\/about-us\/#primaryimage"},"thumbnailUrl":"https:\/\/casadoportinho.com\/wp-content\/uploads\/2020\/08\/pesca.jpg","datePublished":"2020-12-15T23:31:26+00:00","dateModified":"2020-12-29T15:11:50+00:00","breadcrumb":{"@id":"https:\/\/casadoportinho.com\/en\/about-us\/#breadcrumb"},"inLanguage":"en-US","potentialAction":[{"@type":"ReadAction","target":["https:\/\/casadoportinho.com\/en\/about-us\/"]}]},{"@type":"ImageObject","inLanguage":"en-US","@id":"https:\/\/casadoportinho.com\/en\/about-us\/#primaryimage","url":"https:\/\/casadoportinho.com\/wp-content\/uploads\/2020\/08\/pesca.jpg","contentUrl":"https:\/\/casadoportinho.com\/wp-content\/uploads\/2020\/08\/pesca.jpg","width":2000,"height":869,"caption":"Ilustra\u00e7\u00e3o de Pesca"},{"@type":"BreadcrumbList","@id":"https:\/\/casadoportinho.com\/en\/about-us\/#breadcrumb","itemListElement":[{"@type":"ListItem","position":1,"name":"In\u00edcio","item":"https:\/\/casadoportinho.com\/en\/"},{"@type":"ListItem","position":2,"name":"Who We Are"}]},{"@type":"WebSite","@id":"https:\/\/casadoportinho.com\/#website","url":"https:\/\/casadoportinho.com\/","name":"Casa do Portinho","description":"Peixe Fumado dos A\u00e7ores","publisher":{"@id":"https:\/\/casadoportinho.com\/#organization"},"potentialAction":[{"@type":"SearchAction","target":{"@type":"EntryPoint","urlTemplate":"https:\/\/casadoportinho.com\/?s={search_term_string}"},"query-input":{"@type":"PropertyValueSpecification","valueRequired":true,"valueName":"search_term_string"}}],"inLanguage":"en-US"},{"@type":"Organization","@id":"https:\/\/casadoportinho.com\/#organization","name":"Casa do Portinho - Peixe Fumado dos A\u00e7ores","url":"https:\/\/casadoportinho.com\/","logo":{"@type":"ImageObject","inLanguage":"en-US","@id":"https:\/\/casadoportinho.com\/#\/schema\/logo\/image\/","url":"https:\/\/casadoportinho.com\/wp-content\/uploads\/2021\/05\/106462334_106240267820658_3915239930361009115_n.jpg","contentUrl":"https:\/\/casadoportinho.com\/wp-content\/uploads\/2021\/05\/106462334_106240267820658_3915239930361009115_n.jpg","width":1640,"height":624,"caption":"Casa do Portinho - Peixe Fumado dos A\u00e7ores"},"image":{"@id":"https:\/\/casadoportinho.com\/#\/schema\/logo\/image\/"}}]}},"_links":{"self":[{"href":"https:\/\/casadoportinho.com\/en\/wp-json\/wp\/v2\/pages\/923","targetHints":{"allow":["GET"]}}],"collection":[{"href":"https:\/\/casadoportinho.com\/en\/wp-json\/wp\/v2\/pages"}],"about":[{"href":"https:\/\/casadoportinho.com\/en\/wp-json\/wp\/v2\/types\/page"}],"author":[{"embeddable":true,"href":"https:\/\/casadoportinho.com\/en\/wp-json\/wp\/v2\/users\/17"}],"replies":[{"embeddable":true,"href":"https:\/\/casadoportinho.com\/en\/wp-json\/wp\/v2\/comments?post=923"}],"version-history":[{"count":0,"href":"https:\/\/casadoportinho.com\/en\/wp-json\/wp\/v2\/pages\/923\/revisions"}],"wp:featuredmedia":[{"embeddable":true,"href":"https:\/\/casadoportinho.com\/en\/wp-json\/wp\/v2\/media\/933"}],"wp:attachment":[{"href":"https:\/\/casadoportinho.com\/en\/wp-json\/wp\/v2\/media?parent=923"}],"curies":[{"name":"wp","href":"https:\/\/api.w.org\/{rel}","templated":true}]}}